{"id":73,"date":"2023-09-16T18:44:52","date_gmt":"2023-09-16T16:44:52","guid":{"rendered":"https:\/\/www.dooby.se\/?page_id=73"},"modified":"2023-09-16T18:53:32","modified_gmt":"2023-09-16T16:53:32","slug":"projektledning","status":"publish","type":"page","link":"https:\/\/www.dooby.se\/?page_id=73","title":{"rendered":"Projektledning"},"content":{"rendered":"\n<p>Vi p\u00e5 dooby har l\u00e5ng erfarenhet av projektledning av alla typer av byggprojekt, fr\u00e5n sm\u00e5 \u00e5tg\u00e4rder till stora ombyggnationer och renoveringar. F\u00f6r oss \u00e4r det viktigt att v\u00e5ra experter \u00e4r med s\u00e5 tidigt som m\u00f6jligt i planeringen. Det g\u00f6r att vi tillsammans med er kan v\u00e4rdera arbeten som skall utf\u00f6ras och uppr\u00e4tta ett s\u00e5 komplett f\u00f6rfr\u00e5gningsunderlag som m\u00f6jligt. En tidig inblandning minimerar risker och bidrar till att kostnader f\u00f6r tillkommande arbeten h\u00e5lls nere.<\/p>\n\n\n\n<h4 class=\"wp-block-heading\">Projektledning bygg<\/h4>\n\n\n\n<p>N\u00e4r underh\u00e5llsplanen \u00e4r beslutad eller n\u00e4r n\u00e5got ov\u00e4ntat sker med fastigheterna \u00e4r det dags att driva igenom entreprenaderna p\u00e5 ett s\u00e4kert och kvalitetss\u00e4krat s\u00e4tt. Doobys m\u00e5ls\u00e4ttning och ambition som projektledare \u00e4r att vara med s\u00e5 tidigt som m\u00f6jligt. Det f\u00f6r att ta fram r\u00e4tt projekthandlingar, tekniska underlag och planer. En bra start kr\u00e4vs f\u00f6r att kunna driva projektet p\u00e5 ett s\u00e5 ekonomiskt h\u00e5llbart, friktionsfritt och kvalitativt s\u00e4tt som m\u00f6jligt. Efter projektets slutbesiktning \u00e4r det ocks\u00e5 viktigt att entreprenaden h\u00e5ller \u00f6ver tid. Det g\u00f6rs genom att \u00e5rligen se \u00f6ver fastigheterna och f\u00f6lja upp s\u00e5 att genomf\u00f6rd entreprenad h\u00e5ller genom hela garantitiden. Vi p\u00e5 dooby v\u00e4rnar extra mycket f\u00f6r att ni som kund ska f\u00e5 en s\u00e5 smidig och angen\u00e4m resa genom hela projektet som det bara g\u00e5r.<\/p>\n\n\n\n<h4 class=\"wp-block-heading\">Projektledning digitalisering<\/h4>\n\n\n\n<p>Interna resurser i all \u00e4ra men ibland beh\u00f6ver tempor\u00e4ra resurser st\u00f6tta in vid systeminf\u00f6randen f\u00f6r att inte tappa fart i k\u00e4rnverksamheten. Att anlita extern expertis som b\u00e5de \u00e4r vana vid verksamhetsutmaningar och som f\u00f6rst\u00e5r leverant\u00f6rssidan brukar vara en klok investering.\u00a0 Doobys erfarna konsulter har arbetat b\u00e5de som leverant\u00f6rer av system och tj\u00e4nster men \u00e4ven p\u00e5 kundsidan som verksamhetsledare, IT-chef, CIO och som VD i teknik intensiva f\u00f6retag.<\/p>\n\n\n\n<p>Med andra ord kan vi garantera senioritet och professionalism med det lilla f\u00f6retagets flexibilitet.<\/p>\n\n\n\n<hr class=\"wp-block-separator has-alpha-channel-opacity\"\/>\n\n\n\n<h4 class=\"wp-block-heading\">VAD KAN DOOBY HJ\u00c4LPA TILL MED?<\/h4>\n\n\n\n<ul class=\"wp-block-list\">\n<li>Ombes\u00f6rja att f\u00f6rfr\u00e5gningsunderlag, rambeskrivning, administrativa f\u00f6reskrifter samt ritningar tas fram och skickas ut till utvalda entrepren\u00f6rer<\/li>\n\n\n\n<li>Att under projektet leda protokollf\u00f6rda byggm\u00f6ten, sk\u00f6ta bygg och projektledning, kontrollera myndighetskrav, samordna s\u00e5 framtaget tidplan efterlevs<\/li>\n\n\n\n<li>Vara med p\u00e5 samtliga besiktningar och kontrollera att efterfr\u00e5gade handlingar och dokumentation finns<\/li>\n\n\n\n<li>L\u00f6pande under garantitiden s\u00e4kerst\u00e4lla att entrepren\u00f6rens \u00e5tagande h\u00e5ller utlovad kvalitet<\/li>\n<\/ul>\n","protected":false},"excerpt":{"rendered":"<p>Vi p\u00e5 dooby har l\u00e5ng erfarenhet av projektledning av alla typer av byggprojekt, fr\u00e5n sm\u00e5 \u00e5tg\u00e4rder till stora ombyggnationer och renoveringar. F\u00f6r oss \u00e4r det viktigt att v\u00e5ra experter \u00e4r med s\u00e5 tidigt som m\u00f6jligt i planeringen. Det g\u00f6r att vi tillsammans med er kan v\u00e4rdera arbeten som skall utf\u00f6ras och uppr\u00e4tta ett s\u00e5 komplett [&hellip;]<\/p>\n","protected":false},"author":1,"featured_media":0,"parent":0,"menu_order":0,"comment_status":"closed","ping_status":"closed","template":"","meta":{"footnotes":""},"class_list":["post-73","page","type-page","status-publish","hentry"],"yoast_head":"<!-- This site is optimized with the Yoast SEO plugin v27.4 - https:\/\/yoast.com\/product\/yoast-seo-wordpress\/ -->\n<title>Projektledning - dooby<\/title>\n<meta name=\"robots\" content=\"index, follow, max-snippet:-1, max-image-preview:large, max-video-preview:-1\" \/>\n<link rel=\"canonical\" href=\"https:\/\/www.dooby.se\/?page_id=73\" \/>\n<meta property=\"og:locale\" content=\"sv_SE\" \/>\n<meta property=\"og:type\" content=\"article\" \/>\n<meta property=\"og:title\" content=\"Projektledning - dooby\" \/>\n<meta property=\"og:description\" content=\"Vi p\u00e5 dooby har l\u00e5ng erfarenhet av projektledning av alla typer av byggprojekt, fr\u00e5n sm\u00e5 \u00e5tg\u00e4rder till stora ombyggnationer och renoveringar. F\u00f6r oss \u00e4r det viktigt att v\u00e5ra experter \u00e4r med s\u00e5 tidigt som m\u00f6jligt i planeringen. Det g\u00f6r att vi tillsammans med er kan v\u00e4rdera arbeten som skall utf\u00f6ras och uppr\u00e4tta ett s\u00e5 komplett [&hellip;]\" \/>\n<meta property=\"og:url\" content=\"https:\/\/www.dooby.se\/?page_id=73\" \/>\n<meta property=\"og:site_name\" content=\"dooby\" \/>\n<meta property=\"article:modified_time\" content=\"2023-09-16T16:53:32+00:00\" \/>\n<meta name=\"twitter:card\" content=\"summary_large_image\" \/>\n<meta name=\"twitter:label1\" content=\"Ber\u00e4knad l\u00e4stid\" \/>\n\t<meta name=\"twitter:data1\" content=\"2 minuter\" \/>\n<script type=\"application\/ld+json\" class=\"yoast-schema-graph\">{\"@context\":\"https:\\\/\\\/schema.org\",\"@graph\":[{\"@type\":\"WebPage\",\"@id\":\"https:\\\/\\\/www.dooby.se\\\/?page_id=73\",\"url\":\"https:\\\/\\\/www.dooby.se\\\/?page_id=73\",\"name\":\"Projektledning - dooby\",\"isPartOf\":{\"@id\":\"https:\\\/\\\/www.dooby.se\\\/#website\"},\"datePublished\":\"2023-09-16T16:44:52+00:00\",\"dateModified\":\"2023-09-16T16:53:32+00:00\",\"breadcrumb\":{\"@id\":\"https:\\\/\\\/www.dooby.se\\\/?page_id=73#breadcrumb\"},\"inLanguage\":\"sv-SE\",\"potentialAction\":[{\"@type\":\"ReadAction\",\"target\":[\"https:\\\/\\\/www.dooby.se\\\/?page_id=73\"]}]},{\"@type\":\"BreadcrumbList\",\"@id\":\"https:\\\/\\\/www.dooby.se\\\/?page_id=73#breadcrumb\",\"itemListElement\":[{\"@type\":\"ListItem\",\"position\":1,\"name\":\"Home\",\"item\":\"https:\\\/\\\/www.dooby.se\\\/\"},{\"@type\":\"ListItem\",\"position\":2,\"name\":\"Projektledning\"}]},{\"@type\":\"WebSite\",\"@id\":\"https:\\\/\\\/www.dooby.se\\\/#website\",\"url\":\"https:\\\/\\\/www.dooby.se\\\/\",\"name\":\"dooby\",\"description\":\"L\u00e5ngsiktigt boende i dag &amp; i morgon\",\"potentialAction\":[{\"@type\":\"SearchAction\",\"target\":{\"@type\":\"EntryPoint\",\"urlTemplate\":\"https:\\\/\\\/www.dooby.se\\\/?s={search_term_string}\"},\"query-input\":{\"@type\":\"PropertyValueSpecification\",\"valueRequired\":true,\"valueName\":\"search_term_string\"}}],\"inLanguage\":\"sv-SE\"}]}<\/script>\n<!-- \/ Yoast SEO plugin. -->","yoast_head_json":{"title":"Projektledning - dooby","robots":{"index":"index","follow":"follow","max-snippet":"max-snippet:-1","max-image-preview":"max-image-preview:large","max-video-preview":"max-video-preview:-1"},"canonical":"https:\/\/www.dooby.se\/?page_id=73","og_locale":"sv_SE","og_type":"article","og_title":"Projektledning - dooby","og_description":"Vi p\u00e5 dooby har l\u00e5ng erfarenhet av projektledning av alla typer av byggprojekt, fr\u00e5n sm\u00e5 \u00e5tg\u00e4rder till stora ombyggnationer och renoveringar. F\u00f6r oss \u00e4r det viktigt att v\u00e5ra experter \u00e4r med s\u00e5 tidigt som m\u00f6jligt i planeringen. Det g\u00f6r att vi tillsammans med er kan v\u00e4rdera arbeten som skall utf\u00f6ras och uppr\u00e4tta ett s\u00e5 komplett [&hellip;]","og_url":"https:\/\/www.dooby.se\/?page_id=73","og_site_name":"dooby","article_modified_time":"2023-09-16T16:53:32+00:00","twitter_card":"summary_large_image","twitter_misc":{"Ber\u00e4knad l\u00e4stid":"2 minuter"},"schema":{"@context":"https:\/\/schema.org","@graph":[{"@type":"WebPage","@id":"https:\/\/www.dooby.se\/?page_id=73","url":"https:\/\/www.dooby.se\/?page_id=73","name":"Projektledning - dooby","isPartOf":{"@id":"https:\/\/www.dooby.se\/#website"},"datePublished":"2023-09-16T16:44:52+00:00","dateModified":"2023-09-16T16:53:32+00:00","breadcrumb":{"@id":"https:\/\/www.dooby.se\/?page_id=73#breadcrumb"},"inLanguage":"sv-SE","potentialAction":[{"@type":"ReadAction","target":["https:\/\/www.dooby.se\/?page_id=73"]}]},{"@type":"BreadcrumbList","@id":"https:\/\/www.dooby.se\/?page_id=73#breadcrumb","itemListElement":[{"@type":"ListItem","position":1,"name":"Home","item":"https:\/\/www.dooby.se\/"},{"@type":"ListItem","position":2,"name":"Projektledning"}]},{"@type":"WebSite","@id":"https:\/\/www.dooby.se\/#website","url":"https:\/\/www.dooby.se\/","name":"dooby","description":"L\u00e5ngsiktigt boende i dag &amp; i morgon","potentialAction":[{"@type":"SearchAction","target":{"@type":"EntryPoint","urlTemplate":"https:\/\/www.dooby.se\/?s={search_term_string}"},"query-input":{"@type":"PropertyValueSpecification","valueRequired":true,"valueName":"search_term_string"}}],"inLanguage":"sv-SE"}]}},"_links":{"self":[{"href":"https:\/\/www.dooby.se\/index.php?rest_route=\/wp\/v2\/pages\/73","targetHints":{"allow":["GET"]}}],"collection":[{"href":"https:\/\/www.dooby.se\/index.php?rest_route=\/wp\/v2\/pages"}],"about":[{"href":"https:\/\/www.dooby.se\/index.php?rest_route=\/wp\/v2\/types\/page"}],"author":[{"embeddable":true,"href":"https:\/\/www.dooby.se\/index.php?rest_route=\/wp\/v2\/users\/1"}],"replies":[{"embeddable":true,"href":"https:\/\/www.dooby.se\/index.php?rest_route=%2Fwp%2Fv2%2Fcomments&post=73"}],"version-history":[{"count":2,"href":"https:\/\/www.dooby.se\/index.php?rest_route=\/wp\/v2\/pages\/73\/revisions"}],"predecessor-version":[{"id":83,"href":"https:\/\/www.dooby.se\/index.php?rest_route=\/wp\/v2\/pages\/73\/revisions\/83"}],"wp:attachment":[{"href":"https:\/\/www.dooby.se\/index.php?rest_route=%2Fwp%2Fv2%2Fmedia&parent=73"}],"curies":[{"name":"wp","href":"https:\/\/api.w.org\/{rel}","templated":true}]}}