{"id":17,"date":"2023-09-15T19:05:27","date_gmt":"2023-09-15T17:05:27","guid":{"rendered":"https:\/\/www.dooby.se\/?page_id=17"},"modified":"2025-10-16T16:10:16","modified_gmt":"2025-10-16T14:10:16","slug":"dooby","status":"publish","type":"page","link":"https:\/\/www.dooby.se\/","title":{"rendered":"dooby"},"content":{"rendered":"\n<p><span style=\"font-size: revert; color: initial; font-family: -apple-system, BlinkMacSystemFont, &quot;Segoe UI&quot;, Roboto, Oxygen-Sans, Ubuntu, Cantarell, &quot;Helvetica Neue&quot;, sans-serif;\">Vi p\u00e5 dooby arbetar med fastighetsf\u00f6rvaltning, konsultation vid entreprenadupphandlingar, som sakkunniga vid fasadbesiktningar och projektledning fr\u00e4mst i Stockholm och Mellansverige.<\/span> <\/p>\n\n\n\n<hr class=\"wp-block-separator has-alpha-channel-opacity is-style-dots\"\/>\n\n\n\n<div class=\"wp-block-columns is-layout-flex wp-container-core-columns-is-layout-9d6595d7 wp-block-columns-is-layout-flex\">\n<div class=\"wp-block-column is-layout-flow wp-block-column-is-layout-flow\">\n<details class=\"wp-block-details is-layout-flow wp-block-details-is-layout-flow\"><summary>fastighets- &amp; byggkonsultation<\/summary>\n<p>Vi skapar trygghet f\u00f6r \u00e4gare och boende. En v\u00e4l underh\u00e5llen fastighet och en l\u00e5ngsiktig planering medf\u00f6r ett l\u00e5ngsiktigt boende.<\/p>\n<\/details>\n<\/div>\n\n\n\n<div class=\"wp-block-column is-layout-flow wp-block-column-is-layout-flow\">\n<details class=\"wp-block-details is-layout-flow wp-block-details-is-layout-flow\"><summary>projektledning<\/summary>\n<p>Vi har l\u00e5ng erfarenhet av projektledning av alla typer av byggprojekt, fr\u00e5n sm\u00e5 \u00e5tg\u00e4rder till stora ombyggnationer och renoveringar.<\/p>\n<\/details>\n<\/div>\n\n\n\n<div class=\"wp-block-column is-layout-flow wp-block-column-is-layout-flow\">\n<details class=\"wp-block-details is-layout-flow wp-block-details-is-layout-flow\"><summary>underh\u00e5llsplaner &amp; upphandling<\/summary>\n<p>En underh\u00e5llsplan \u00e4r kanske en av de viktigaste dokumenten f\u00f6r en fastighet. I den framg\u00e5r n\u00e4r vilka underh\u00e5lls\u00e5tg\u00e4rder som beh\u00f6ver g\u00f6ras b\u00e5de \u00e5terkommande och de av eng\u00e5ngskarakt\u00e4r.<\/p>\n<\/details>\n<\/div>\n<\/div>\n\n\n\n<p><\/p>\n","protected":false},"excerpt":{"rendered":"<p>Vi p\u00e5 dooby arbetar med fastighetsf\u00f6rvaltning, konsultation vid entreprenadupphandlingar, som sakkunniga vid fasadbesiktningar och projektledning fr\u00e4mst i Stockholm och Mellansverige.<\/p>\n","protected":false},"author":1,"featured_media":0,"parent":0,"menu_order":1,"comment_status":"closed","ping_status":"closed","template":"","meta":{"footnotes":""},"class_list":["post-17","page","type-page","status-publish","hentry"],"yoast_head":"<!-- This site is optimized with the Yoast SEO plugin v27.4 - https:\/\/yoast.com\/product\/yoast-seo-wordpress\/ -->\n<title>dooby - dooby<\/title>\n<meta name=\"robots\" content=\"index, follow, max-snippet:-1, max-image-preview:large, max-video-preview:-1\" \/>\n<link rel=\"canonical\" href=\"https:\/\/www.dooby.se\/\" \/>\n<meta property=\"og:locale\" content=\"sv_SE\" \/>\n<meta property=\"og:type\" content=\"article\" \/>\n<meta property=\"og:title\" content=\"dooby - dooby\" \/>\n<meta property=\"og:description\" content=\"Vi p\u00e5 dooby arbetar med fastighetsf\u00f6rvaltning, konsultation vid entreprenadupphandlingar, som sakkunniga vid fasadbesiktningar och projektledning fr\u00e4mst i Stockholm och Mellansverige.\" \/>\n<meta property=\"og:url\" content=\"https:\/\/www.dooby.se\/\" \/>\n<meta property=\"og:site_name\" content=\"dooby\" \/>\n<meta property=\"article:modified_time\" content=\"2025-10-16T14:10:16+00:00\" \/>\n<meta name=\"twitter:card\" content=\"summary_large_image\" \/>\n<meta name=\"twitter:label1\" content=\"Ber\u00e4knad l\u00e4stid\" \/>\n\t<meta name=\"twitter:data1\" content=\"1 minut\" \/>\n<script type=\"application\/ld+json\" class=\"yoast-schema-graph\">{\"@context\":\"https:\\\/\\\/schema.org\",\"@graph\":[{\"@type\":\"WebPage\",\"@id\":\"https:\\\/\\\/www.dooby.se\\\/\",\"url\":\"https:\\\/\\\/www.dooby.se\\\/\",\"name\":\"dooby - dooby\",\"isPartOf\":{\"@id\":\"https:\\\/\\\/www.dooby.se\\\/#website\"},\"datePublished\":\"2023-09-15T17:05:27+00:00\",\"dateModified\":\"2025-10-16T14:10:16+00:00\",\"breadcrumb\":{\"@id\":\"https:\\\/\\\/www.dooby.se\\\/#breadcrumb\"},\"inLanguage\":\"sv-SE\",\"potentialAction\":[{\"@type\":\"ReadAction\",\"target\":[\"https:\\\/\\\/www.dooby.se\\\/\"]}]},{\"@type\":\"BreadcrumbList\",\"@id\":\"https:\\\/\\\/www.dooby.se\\\/#breadcrumb\",\"itemListElement\":[{\"@type\":\"ListItem\",\"position\":1,\"name\":\"Home\",\"item\":\"https:\\\/\\\/www.dooby.se\\\/\"},{\"@type\":\"ListItem\",\"position\":2,\"name\":\"dooby\"}]},{\"@type\":\"WebSite\",\"@id\":\"https:\\\/\\\/www.dooby.se\\\/#website\",\"url\":\"https:\\\/\\\/www.dooby.se\\\/\",\"name\":\"dooby\",\"description\":\"L\u00e5ngsiktigt boende i dag &amp; i morgon\",\"potentialAction\":[{\"@type\":\"SearchAction\",\"target\":{\"@type\":\"EntryPoint\",\"urlTemplate\":\"https:\\\/\\\/www.dooby.se\\\/?s={search_term_string}\"},\"query-input\":{\"@type\":\"PropertyValueSpecification\",\"valueRequired\":true,\"valueName\":\"search_term_string\"}}],\"inLanguage\":\"sv-SE\"}]}<\/script>\n<!-- \/ Yoast SEO plugin. -->","yoast_head_json":{"title":"dooby - dooby","robots":{"index":"index","follow":"follow","max-snippet":"max-snippet:-1","max-image-preview":"max-image-preview:large","max-video-preview":"max-video-preview:-1"},"canonical":"https:\/\/www.dooby.se\/","og_locale":"sv_SE","og_type":"article","og_title":"dooby - dooby","og_description":"Vi p\u00e5 dooby arbetar med fastighetsf\u00f6rvaltning, konsultation vid entreprenadupphandlingar, som sakkunniga vid fasadbesiktningar och projektledning fr\u00e4mst i Stockholm och Mellansverige.","og_url":"https:\/\/www.dooby.se\/","og_site_name":"dooby","article_modified_time":"2025-10-16T14:10:16+00:00","twitter_card":"summary_large_image","twitter_misc":{"Ber\u00e4knad l\u00e4stid":"1 minut"},"schema":{"@context":"https:\/\/schema.org","@graph":[{"@type":"WebPage","@id":"https:\/\/www.dooby.se\/","url":"https:\/\/www.dooby.se\/","name":"dooby - dooby","isPartOf":{"@id":"https:\/\/www.dooby.se\/#website"},"datePublished":"2023-09-15T17:05:27+00:00","dateModified":"2025-10-16T14:10:16+00:00","breadcrumb":{"@id":"https:\/\/www.dooby.se\/#breadcrumb"},"inLanguage":"sv-SE","potentialAction":[{"@type":"ReadAction","target":["https:\/\/www.dooby.se\/"]}]},{"@type":"BreadcrumbList","@id":"https:\/\/www.dooby.se\/#breadcrumb","itemListElement":[{"@type":"ListItem","position":1,"name":"Home","item":"https:\/\/www.dooby.se\/"},{"@type":"ListItem","position":2,"name":"dooby"}]},{"@type":"WebSite","@id":"https:\/\/www.dooby.se\/#website","url":"https:\/\/www.dooby.se\/","name":"dooby","description":"L\u00e5ngsiktigt boende i dag &amp; i morgon","potentialAction":[{"@type":"SearchAction","target":{"@type":"EntryPoint","urlTemplate":"https:\/\/www.dooby.se\/?s={search_term_string}"},"query-input":{"@type":"PropertyValueSpecification","valueRequired":true,"valueName":"search_term_string"}}],"inLanguage":"sv-SE"}]}},"_links":{"self":[{"href":"https:\/\/www.dooby.se\/index.php?rest_route=\/wp\/v2\/pages\/17","targetHints":{"allow":["GET"]}}],"collection":[{"href":"https:\/\/www.dooby.se\/index.php?rest_route=\/wp\/v2\/pages"}],"about":[{"href":"https:\/\/www.dooby.se\/index.php?rest_route=\/wp\/v2\/types\/page"}],"author":[{"embeddable":true,"href":"https:\/\/www.dooby.se\/index.php?rest_route=\/wp\/v2\/users\/1"}],"replies":[{"embeddable":true,"href":"https:\/\/www.dooby.se\/index.php?rest_route=%2Fwp%2Fv2%2Fcomments&post=17"}],"version-history":[{"count":6,"href":"https:\/\/www.dooby.se\/index.php?rest_route=\/wp\/v2\/pages\/17\/revisions"}],"predecessor-version":[{"id":149,"href":"https:\/\/www.dooby.se\/index.php?rest_route=\/wp\/v2\/pages\/17\/revisions\/149"}],"wp:attachment":[{"href":"https:\/\/www.dooby.se\/index.php?rest_route=%2Fwp%2Fv2%2Fmedia&parent=17"}],"curies":[{"name":"wp","href":"https:\/\/api.w.org\/{rel}","templated":true}]}}